{"id":7825,"date":"2025-07-23T12:13:29","date_gmt":"2025-07-23T10:13:29","guid":{"rendered":"https:\/\/www.filmfesthamburg.de\/industry\/ueber-uns\/"},"modified":"2025-08-20T16:56:37","modified_gmt":"2025-08-20T14:56:37","slug":"ueber-uns","status":"publish","type":"page","link":"https:\/\/www.filmfesthamburg.de\/en\/industry\/ueber-uns\/","title":{"rendered":"About"},"content":{"rendered":"\r\n<div id=\"sf-content-69f9b20535570\" class=\"content-block fullwidth 0 sf-content-block    \" >\r\n\t<div class=\"  \">\r\n\r\n\t\t<div class=\"grid col_1 \">\r\n\t\t\t\r\n\t\t\t\t\t\t\t\r\n\t\t\t\t<style>\r\n\t\t\t\t\t#id69f9b20544035.content-block-image-wrapper,\r\n\t\t\t\t\t#id69f9b20544035-overlay.content-block-image-wrapper{\r\n\t\t\t\t\t\tposition: relative;\r\n\t\t\t\t\t\tdisplay: grid;\r\n\t\t\t\t\t\twidth: 100%;\r\n\t\t\t\t\t\theight: 100%;\r\n\t\t\t\t\t}\r\n\t\t\t\t\t#id69f9b20544035 .content-block-image{\r\n\t\t\t\t\t\tdisplay: grid;\r\n\t\t\t\t\t\tposition: relative;\r\n\t\t\t\t\t\taspect-ratio: 16\/9;\r\n\t\t\t\t\t\tobject-fit: cover;\r\n\t\t\t\t\t\twidth: 100%;height: fit-content;\t\t\t\t\t\t\/\/z-index: -1;\r\n\t\t\t\t\t}\r\n\t\t\t\t\t#id69f9b20544035 .content-block-image spline-viewer{ aspect-ratio: 16\/9;\r\n\t\t\t\t\t }\r\n\t\t\t\t\t\r\n\t\t\t\t\t#id69f9b20544035 .x-align{  }\r\n\t\t\t\t\t \r\n\t\t\t\t\t#id69f9b20544035.y-align{ display: grid;  }\r\n\t\t\t\t\t\t\t\t\t\t#id69f9b20544035 .content-block-image::after {\r\n\t\t\t\t\t\tcontent: \"\";\r\n\t\t\t\t\t\tposition: absolute;\r\n\t\t\t\t\t\tinset: 0 0 0 0;\r\n\t\t\t\t\t\tbackground: linear-gradient(to top right, var(--col-image-overlay-start) 0%, var(--col-image-overlay-end) 50% );\r\n\t\t\t\t\t\tmix-blend-mode: multiply;\r\n\t\t\t\t\t}\r\n\t\t\t\t\t\t\t\t\t\t\r\n\t\t\t\t\t#id69f9b20544035 .content-block-image img{\r\n\t\t\t\t\t\twidth: 100%;\r\n\t\t\t\t\t\theight: 100%;\r\n\t\t\t\t\t\tobject-fit:cover;\r\n\t\t\t\t\t\taspect-ratio: 16\/9;\r\n\t\t\t\t\t\tobject-position: 50% 50%;\t\t\t\t\t}\r\n\t\t\t\t\t\/*\r\n\t\t\t\t\t#id69f9b20544035 .content-block-image.isNotInView img,\r\n\t\t\t\t\t#id69f9b20544035 .content-block-image.isNotInView spline-viewer,\r\n\t\t\t\t\t#id69f9b20544035 dotlottie-player.content-block-image.isNotInView{ display: none; } \/\/ Display none if not in view\r\n\t\t\t\t\t*\/\r\n\t\t\t\t\t\t\t\t\t\t\r\n\t\t\t\t\t#id69f9b20544035 .media-copyright.mobile{ display: none; }\r\n\t\t\t\t\t#id69f9b20544035-imgtext.content-image-text{ height: 100%; }\r\n\t\t\t\t\t#id69f9b20544035 .content-block-image .mobile-image{ display: none; }\r\n\t\t\t\t\t\r\n\t\t\t\t\t#id69f9b20544035 .fullwidth-container-padding{ \r\n\t\t\t\t\t\tpadding-left: calc((100vw - var(--container-width)) \/ 2); \r\n\t\t\t\t\t\tpadding-right: calc((100vw - var(--container-width)) \/ 2);\r\n\t\t\t\t\t\t\/\/padding-bottom: calc(var(--padding) * 3);\r\n\t\t\t\t\t\toverflow: hidden;\r\n\t\t\t\t\t}\r\n\t\t\t\t\t.fullwidth-padding #id69f9b20544035 .fullwidth-container-padding{ \r\n\t\t\t\t\t\tpadding-left: calc((100vw - var(--container-width)) \/ 2 - var(--grid-gap));\r\n\t\t\t\t\t}\r\n\t\t\t\t\t\r\n\t\t\t\t\t\t\t\t\t\t\r\n\t\t\t\t\t@media screen and (max-width: 555px) {\r\n\t\t\t\t\t\t#sf-content-69f9b20535570 .grid > div:first-of-type {\r\n\t\t\t\t\t\t\t;\r\n\t\t\t\t\t\t}\r\n\t\t\t\t\t\t#id69f9b20544035-overlay.content-block-image-wrapper,\r\n\t\t\t\t\t\t#id69f9b20544035.content-block-image-wrapper{ height: 100%; }\r\n\t\t\t\t\t\t#id69f9b20544035 .content-block-image{\r\n\t\t\t\t\t\t\tposition: relative;\r\n\t\t\t\t\t\t\ttop: 0;left: 0;width: 100%;height: fit-content;aspect-ratio: 1\/1;\t\t\t\t\t\t}\r\n\t\t\t\t\t\t#id69f9b20544035 .content-block-image img{\r\n\t\t\t\t\t\t\twidth: 100%;\r\n\t\t\t\t\t\t\theight: 100%;\r\n\t\t\t\t\t\t\taspect-ratio: 1\/1;\t\t\t\t\t\t}\r\n\t\t\t\t\t\t\/*\r\n\t\t\t\t\t\t#id69f9b20544035 .content-block-image.isNotInView img { display: initial; } \/\/ Display none if not in view\r\n\t\t\t\t\t\t*\/\r\n\t\t\t\t\t\r\n\t\t\t\t\t\t#id69f9b20544035 .content-block-image spline-viewer { aspect-ratio: 1\/1; }\t\t\t\t\t\t\r\n\t\t\t\t\t\t#id69f9b20544035 .x-align{  }\r\n\t\t\t\t\t\t#id69f9b20544035.y-align{  }\r\n\t\t\t\t\t\t\r\n\t\t\t\t\t\t#id69f9b20544035 .media-copyright.desktop{ display: none; }\r\n\t\t\t\t\t\t#id69f9b20544035 .media-copyright.mobile{ display: block; }\r\n\t\t\t\t\t\t#id69f9b20544035-imgtext.content-image-text{ height: fit-content; }\t\t\t\t\t}\r\n\t\t\t\t<\/style>\r\n\t\t\t\t\r\n\t\t\t\t\t\t\t\t\r\n\t\t\t\t<div id=\"id69f9b20544035\" class=\"y-align    \"  style=\"\">\r\n\r\n\t\t\t\t\t\t\t\t\t\t\t<div id=\"id69f9b20544035-overlay\" class=\"content-block-image-wrapper\"><!-- -overlay wurde hinzugef\u00fcgt, damit die ID nicht doppelt ist -->\r\n\t\t\t\t\t\t\r\n\t\t\t\t\t\t<div class=\"media-container\">\r\n\t\t\t\t\t\t\t<div class='content-block-image isInView-state x-align'><img class='desktop-image  ' src='https:\/\/www.filmfesthamburg.de\/wp-content\/uploads\/2025\/05\/Industry.webp' srcset='https:\/\/www.filmfesthamburg.de\/wp-content\/uploads\/2025\/05\/Industry-750x500.webp 750w, https:\/\/www.filmfesthamburg.de\/wp-content\/uploads\/2025\/05\/Industry-1000x667.webp 1000w, https:\/\/www.filmfesthamburg.de\/wp-content\/uploads\/2025\/05\/Industry.webp 1650w, https:\/\/www.filmfesthamburg.de\/wp-content\/uploads\/2025\/05\/Industry.webp 2500w, https:\/\/www.filmfesthamburg.de\/wp-content\/uploads\/2025\/05\/Industry.webp 3500w' sizes='(max-width: 1000px) 100vw, (max-width: 1650px) 100vw, (max-width: 2500px) 100vw, 67vw' alt='' aria-hidden='true' loading='lazy' decoding='async'><\/div>\t\t\t\t\t\t<\/div>\r\n\t\t\t\t\t\t\r\n\t\t\t\t\t\t<div class='text-image-overlay fullwidth-container-padding text-align-overlay-bottom  width_100' style='';><div class='text-overlay-content '><h1><span class=\"letterfade-left-to-right\" style=\"color: #ffe61e;\">Vernetzung &amp;<br \/>\nAustausch<\/span><\/h1>\n<\/div><\/div><\/div>\t\t\t\t<\/div>\r\n\t\t\t\t\t\t<\/div>\r\n\t<\/div>\r\n<\/div>\r\n\r\n\r\n\r\n<div id=\"sf-content-69f9b20544c85\" class=\"content-block  margin-bottom sf-content-block    \" style='background-color: rgb(255,230,30)'>\r\n\t<div class=\"container padding-top padding-bottom \">\r\n\r\n\t\t<div class=\"grid col_2_1 \">\r\n\t\t\t\r\n\t\t\t\t\t\t\t\r\n\t\t\t\t<style>\r\n\t\t\t\t\t#id69f9b2054922f.content-block-image-wrapper,\r\n\t\t\t\t\t#id69f9b2054922f-overlay.content-block-image-wrapper{\r\n\t\t\t\t\t\tposition: relative;\r\n\t\t\t\t\t\tdisplay: grid;\r\n\t\t\t\t\t\twidth: 100%;\r\n\t\t\t\t\t\theight: 100%;\r\n\t\t\t\t\t}\r\n\t\t\t\t\t#id69f9b2054922f .content-block-image{\r\n\t\t\t\t\t\tdisplay: grid;\r\n\t\t\t\t\t\tposition: relative;\r\n\t\t\t\t\t\taspect-ratio: auto;\r\n\t\t\t\t\t\tobject-fit: cover;\r\n\t\t\t\t\t\t\t\t\t\t\t\t\/\/z-index: -1;\r\n\t\t\t\t\t}\r\n\t\t\t\t\t#id69f9b2054922f .content-block-image spline-viewer{ aspect-ratio: auto;\r\n\t\t\t\t\t }\r\n\t\t\t\t\t\r\n\t\t\t\t\t#id69f9b2054922f .x-align{  }\r\n\t\t\t\t\t \r\n\t\t\t\t\t#id69f9b2054922f.y-align{ display: grid;  }\r\n\t\t\t\t\t\t\t\t\t\t\r\n\t\t\t\t\t#id69f9b2054922f .content-block-image img{\r\n\t\t\t\t\t\twidth: 100%;\r\n\t\t\t\t\t\theight: 100%;\r\n\t\t\t\t\t\tobject-fit:cover;\r\n\t\t\t\t\t\taspect-ratio: auto;\r\n\t\t\t\t\t\t\t\t\t\t\t}\r\n\t\t\t\t\t\/*\r\n\t\t\t\t\t#id69f9b2054922f .content-block-image.isNotInView img,\r\n\t\t\t\t\t#id69f9b2054922f .content-block-image.isNotInView spline-viewer,\r\n\t\t\t\t\t#id69f9b2054922f dotlottie-player.content-block-image.isNotInView{ display: none; } \/\/ Display none if not in view\r\n\t\t\t\t\t*\/\r\n\t\t\t\t\t\t\t\t\t\t\r\n\t\t\t\t\t#id69f9b2054922f .media-copyright.mobile{ display: none; }\r\n\t\t\t\t\t#id69f9b2054922f-imgtext.content-image-text{ height: 100%; }\r\n\t\t\t\t\t#id69f9b2054922f .content-block-image .mobile-image{ display: none; }\r\n\t\t\t\t\t\r\n\t\t\t\t\t#id69f9b2054922f .fullwidth-container-padding{ \r\n\t\t\t\t\t\tpadding-left: calc((100vw - var(--container-width)) \/ 2); \r\n\t\t\t\t\t\tpadding-right: calc((100vw - var(--container-width)) \/ 2);\r\n\t\t\t\t\t\t\/\/padding-bottom: calc(var(--padding) * 3);\r\n\t\t\t\t\t\toverflow: hidden;\r\n\t\t\t\t\t}\r\n\t\t\t\t\t.fullwidth-padding #id69f9b2054922f .fullwidth-container-padding{ \r\n\t\t\t\t\t\tpadding-left: calc((100vw - var(--container-width)) \/ 2 - var(--grid-gap));\r\n\t\t\t\t\t}\r\n\t\t\t\t\t\r\n\t\t\t\t\t\t\t\t\t\t\r\n\t\t\t\t\t@media screen and (max-width: 555px) {\r\n\t\t\t\t\t\t#sf-content-69f9b20544c85 .grid > div:first-of-type {\r\n\t\t\t\t\t\t\t;\r\n\t\t\t\t\t\t}\r\n\t\t\t\t\t\t#id69f9b2054922f-overlay.content-block-image-wrapper,\r\n\t\t\t\t\t\t#id69f9b2054922f.content-block-image-wrapper{ height: 100%; }\r\n\t\t\t\t\t\t#id69f9b2054922f .content-block-image{\r\n\t\t\t\t\t\t\tposition: relative;\r\n\t\t\t\t\t\t\ttop: 0;left: 0;\t\t\t\t\t\t}\r\n\t\t\t\t\t\t#id69f9b2054922f .content-block-image img{\r\n\t\t\t\t\t\t\twidth: 100%;\r\n\t\t\t\t\t\t\theight: 100%;\r\n\t\t\t\t\t\t\t\t\t\t\t\t\t}\r\n\t\t\t\t\t\t\/*\r\n\t\t\t\t\t\t#id69f9b2054922f .content-block-image.isNotInView img { display: initial; } \/\/ Display none if not in view\r\n\t\t\t\t\t\t*\/\r\n\t\t\t\t\t\r\n\t\t\t\t\t\t\t\t\t\t\t\t\r\n\t\t\t\t\t\t#id69f9b2054922f .x-align{  }\r\n\t\t\t\t\t\t#id69f9b2054922f.y-align{  }\r\n\t\t\t\t\t\t\r\n\t\t\t\t\t\t#id69f9b2054922f .media-copyright.desktop{ display: none; }\r\n\t\t\t\t\t\t#id69f9b2054922f .media-copyright.mobile{ display: block; }\r\n\t\t\t\t\t\t\t\t\t\t\t}\r\n\t\t\t\t<\/style>\r\n\t\t\t\t\r\n\t\t\t\t\t\t\t\t\r\n\t\t\t\t<div id=\"id69f9b2054922f\" class=\"y-align    \"  style=\"\">\r\n\r\n\t\t\t\t\t<div class='text-container x-align '><div class='width_100 '><p class=\"intro\"><strong>Bei den diesj\u00e4hrigen FILMFEST HAMBURG INDUSTRY DAYS vom\u00a029. September bis 2. Oktober 2025\u00a0docken erstmals die renommierte Industry-Plattform\u00a0<a href=\"https:\/\/www.european-work-in-progress.eu\/\">European Work in Progress (EWIP)<\/a>\u00a0sowie der\u00a0<a href=\"https:\/\/www.international-film-distribution-summit.com\/\">International Film Distribution Summit (IFDS)<\/a> in der Hansestadt an. Weitere S\u00e4ulen des Programm sind die Explorer Konferenz und das #Atelier25 sowie die Kooperation mit ENCOURAGE Film Talents.\u00a0<\/strong><\/p>\n<p>&nbsp;<\/p>\n<p class=\"intro\"><strong>Wir informieren Sie zeitnah \u00fcber das umfangreiche Programm. Ab sofort k\u00f6nnen Sie sich als Fachbesucher*in noch bis zum 17. September f\u00fcr die FILMFEST HAMBURG INDUSTRY DAYS akkreditieren.\u00a0<\/strong><\/p>\n<p>&nbsp;<\/p>\n<p><a href=\"https:\/\/www.filmfesthamburg.de\/industry\/akkreditierung\/\" target=\"_blank\" rel=\"noopener\"><span class=\"black sf-button sf-button-arrow\">Zur Akkreditierung<\/span><\/a><\/p>\n<p>&nbsp;<\/p>\n<p><strong><a href=\"https:\/\/www.european-work-in-progress.eu\/\" target=\"_blank\" rel=\"noopener\">European Work in Progress<\/a>\u00a0<\/strong>(EWIP) ist ein unabh\u00e4ngiges Branchenevent von europ\u00e4ischen und deutschen Filmen mit hohem Qualit\u00e4tsanspruch und Marktpotenzial. Die Veranstaltung richtet sich an Weltvertriebe, TV-Sender, Filmfestivals und Filmverleiher*innen.<\/p>\n<p>&nbsp;<\/p>\n<p>Der\u00a0<a href=\"https:\/\/www.international-film-distribution-summit.com\/\" target=\"_blank\" rel=\"noopener\"><strong>International Film Distribution Summit<\/strong><\/a>\u00a0(IFDS) hingegen richtet sich gezielt an Fachleute des internationalen Filmverleihs. Der Gipfel setzt auf internationalen Austausch, Vernetzung und will neue Impulse f\u00fcr zuk\u00fcnftige Ver\u00f6ffentlichungsstrategien geben. Sowohl EWIP als auch IFDS fanden bisher w\u00e4hrend des Film Festival Cologne statt. Unter der Leitung von Filmverleiher Torsten Frehse (Neue Visionen) haben sich beide Plattformen als bedeutende Branchenevents f\u00fcr europ\u00e4ische und deutsche Filme etabliert.<\/p>\n<p>&nbsp;<\/p>\n<p>Neben den neuen Formaten werden auch bew\u00e4hrte Programme bei FILMFEST HAMBURG fortgef\u00fchrt und weiterentwickelt. <span data-teams=\"true\">Mit <strong>Made in Germany <\/strong>erh\u00e4lt das bisherige Panel-Programm der Industry Days ein neues Format: An vier Nachmittagen stehen aktuelle Themen der deutschen Film- und Fernsehbranche im Mittelpunkt, mit spannenden Diskussionen und anschlie\u00dfendem Networking.<\/span> Die\u00a0<a href=\"https:\/\/www.explorer-konferenz.de\/\"><strong>EXPLORER KONFERENZ\u00a0<\/strong><\/a>in Kooperation mit PROG Germany und der MOIN Filmf\u00f6rderung bleibt fester Bestandteil der INDUSTRY DAYS. Hier werden aktuelle Trends und Herausforderungen des produzentischen Arbeitens in Europa diskutiert. Ebenso sind das\u00a0<a href=\"https:\/\/www.filmfesthamburg.de\/news\/filmfest-hamburg-und-first-steps\/\"><strong>#ATELIER25\u00a0<\/strong><\/a>in Kooperation mit La Semaine de la Critique Cannes und erstmal in Zusammenarbeit mit dem Nachwuchspreis FIRST STEPS Award sowie die Nachwuchsinitiative\u00a0<a href=\"https:\/\/encouragefilmtalents.com\/\"><strong>ENCOURAGE Film Talents<\/strong><\/a>\u00a0feste S\u00e4ulen des Programms.<\/p>\n<p>&nbsp;<\/p>\n<\/div><\/div>\t\t\t\t<\/div>\r\n\t\t\t\t\t\t<\/div>\r\n\t<\/div>\r\n<\/div>\r\n\r\n\r\n<div class=\"\">\n<div id=\"sf-ajax-69f9b20549779\" class=\"sf-block-team   margin-bottom\" >\n\n\t<!-- header -->\n\t<div class=\"container \" >\n\t\t<div class=\"grid col_1_auto\">\n\t\t\t<div>\n\t\t\t\t<div class='margin-bottom-s'><h2>Kontakt<\/h2>\n<\/div>\t\t\t<\/div><div>\n\t\t\t\t\t\t\t<\/div>\n\t\t<\/div>\n\t\n\n\t\t<!-- filter -->\n\t\t\t\t\n\t\t<!-- content -->\n\n\t\t<div class=\"sf-team-design-default ajax_container ajax-block \">\n\t\t\t<div id=\"sf-ajax-69f9b20549779\" class=\"grid col_3 ajax-posts \">\n\t\t\t\t<!-- sf news overview template -->\r\n\r\n<div id=\"post_7467\" class=\"default post-team sf_cat sf_cat_89  \">\t\r\n\r\n\t<div class=\"overview-image animate\"><img class=' animate' src='https:\/\/www.filmfesthamburg.de\/wp-content\/uploads\/2025\/07\/Foto-Fabian-M.webp' srcset='' sizes='(max-width: 750px) 33vw, (max-width: 1000px) 33vw, (max-width: 1600px) 33vw, (max-width: 2500px) 33vw, 33vw' alt='Foto Fabian M' loading='lazy' decoding='async' style=\"object-position:50% 50%;\"><\/div>\r\n\r\n\t<div class=\"overview-text-container animate\">\r\n\t\t<div>\r\n\t\t<h4 class=\"team-name\"> Fabian  Massah<\/h4>\r\n\t\t<p id='7825' class='sf-button team-email-show' onclick='sf_e_decrypt(\"nbbdtktkbqif.fpylucAjgvjcmtnjgtfutouoibbanuckvesihs.evfl\")'><span class='icon-font'>&#x2192;<\/span> <span>Email<\/span><\/p><br>\t\t<\/div>\r\n\t<\/div>\r\n\r\n<\/div>\r\n\r\n\r\n\r\n\r\n\t\t\t<\/div>\n\n\t\t\t<!-- load more -->\n\n\t\t\t\t\t<\/div>\n\t\t\t<\/div>\n<\/div>\n<\/div>","protected":false},"excerpt":{"rendered":"","protected":false},"author":5,"featured_media":0,"parent":7815,"menu_order":0,"comment_status":"closed","ping_status":"closed","template":"","meta":{"_acf_changed":false,"footnotes":""},"class_list":["post-7825","page","type-page","status-publish","hentry"],"acf":[],"_links":{"self":[{"href":"https:\/\/www.filmfesthamburg.de\/en\/wp-json\/wp\/v2\/pages\/7825","targetHints":{"allow":["GET"]}}],"collection":[{"href":"https:\/\/www.filmfesthamburg.de\/en\/wp-json\/wp\/v2\/pages"}],"about":[{"href":"https:\/\/www.filmfesthamburg.de\/en\/wp-json\/wp\/v2\/types\/page"}],"author":[{"embeddable":true,"href":"https:\/\/www.filmfesthamburg.de\/en\/wp-json\/wp\/v2\/users\/5"}],"replies":[{"embeddable":true,"href":"https:\/\/www.filmfesthamburg.de\/en\/wp-json\/wp\/v2\/comments?post=7825"}],"version-history":[{"count":14,"href":"https:\/\/www.filmfesthamburg.de\/en\/wp-json\/wp\/v2\/pages\/7825\/revisions"}],"predecessor-version":[{"id":9129,"href":"https:\/\/www.filmfesthamburg.de\/en\/wp-json\/wp\/v2\/pages\/7825\/revisions\/9129"}],"up":[{"embeddable":true,"href":"https:\/\/www.filmfesthamburg.de\/en\/wp-json\/wp\/v2\/pages\/7815"}],"wp:attachment":[{"href":"https:\/\/www.filmfesthamburg.de\/en\/wp-json\/wp\/v2\/media?parent=7825"}],"curies":[{"name":"wp","href":"https:\/\/api.w.org\/{rel}","templated":true}]}}